{"id":1987,"date":"2023-12-30T14:00:12","date_gmt":"2023-12-30T13:00:12","guid":{"rendered":"https:\/\/cabriominibuses.com\/?page_id=1987"},"modified":"2026-04-06T16:40:11","modified_gmt":"2026-04-06T14:40:11","slug":"online-buchung","status":"publish","type":"page","link":"https:\/\/cabriominibuses.com\/de\/online-buchung\/","title":{"rendered":"Online-Buchung"},"content":{"rendered":"\t\t<div data-elementor-type=\"wp-page\" data-elementor-id=\"1987\" class=\"elementor elementor-1987\">\n\t\t\t\t\t\t<section class=\"elementor-section elementor-top-section elementor-element elementor-element-286d50cb elementor-section-full_width elementor-section-content-middle elementor-section-height-default elementor-section-height-default\" data-id=\"286d50cb\" data-element_type=\"section\" data-e-type=\"section\" data-settings=\"{&quot;background_background&quot;:&quot;classic&quot;}\">\n\t\t\t\t\t\t<div class=\"elementor-container elementor-column-gap-no\">\n\t\t\t\t\t<div class=\"elementor-column elementor-col-66 elementor-top-column elementor-element elementor-element-632f823a\" data-id=\"632f823a\" data-element_type=\"column\" data-e-type=\"column\" data-settings=\"{&quot;background_background&quot;:&quot;classic&quot;}\">\n\t\t\t<div class=\"elementor-widget-wrap elementor-element-populated\">\n\t\t\t\t\t<div class=\"elementor-background-overlay\"><\/div>\n\t\t\t\t\t\t<div class=\"elementor-element elementor-element-f99b4ee elementor-widget elementor-widget-heading\" data-id=\"f99b4ee\" data-element_type=\"widget\" data-e-type=\"widget\" data-widget_type=\"heading.default\">\n\t\t\t\t<div class=\"elementor-widget-container\">\n\t\t\t\t\t<h1 class=\"elementor-heading-title elementor-size-default\">Transfer auf Mallorca online buchen<\/h1>\t\t\t\t<\/div>\n\t\t\t\t<\/div>\n\t\t\t\t<div class=\"elementor-element elementor-element-cc5d354 elementor-widget elementor-widget-text-editor\" data-id=\"cc5d354\" data-element_type=\"widget\" data-e-type=\"widget\" data-widget_type=\"text-editor.default\">\n\t\t\t\t<div class=\"elementor-widget-container\">\n\t\t\t\t\t\t\t\t\t<p>Unser Minibus ist ideal f\u00fcr kleine Gruppen und Familien, die gemeinsam, bequem und stressfrei auf Mallorca reisen m\u00f6chten.<\/p>\t\t\t\t\t\t\t\t<\/div>\n\t\t\t\t<\/div>\n\t\t\t\t\t<\/div>\n\t\t<\/div>\n\t\t\t\t<div class=\"elementor-column elementor-col-33 elementor-top-column elementor-element elementor-element-4c6580fd\" data-id=\"4c6580fd\" data-element_type=\"column\" data-e-type=\"column\" data-settings=\"{&quot;background_background&quot;:&quot;classic&quot;}\">\n\t\t\t<div class=\"elementor-widget-wrap elementor-element-populated\">\n\t\t\t\t\t\t<div class=\"elementor-element elementor-element-b4ccf02 elementor-widget__width-initial elementor-widget elementor-widget-heading\" data-id=\"b4ccf02\" data-element_type=\"widget\" data-e-type=\"widget\" data-widget_type=\"heading.default\">\n\t\t\t\t<div class=\"elementor-widget-container\">\n\t\t\t\t\t<span class=\"elementor-heading-title elementor-size-default\">Buchen Sie Ihren Transfer \u00fcber das Formular oder kontaktieren Sie uns direkt per WhatsApp\n<\/span>\t\t\t\t<\/div>\n\t\t\t\t<\/div>\n\t\t\t\t<div class=\"elementor-element elementor-element-8908814 elementor-widget elementor-widget-button\" data-id=\"8908814\" data-element_type=\"widget\" data-e-type=\"widget\" data-widget_type=\"button.default\">\n\t\t\t\t<div class=\"elementor-widget-container\">\n\t\t\t\t\t\t\t\t\t<div class=\"elementor-button-wrapper\">\n\t\t\t\t\t<a class=\"elementor-button elementor-button-link elementor-size-sm\" href=\"https:\/\/api.whatsapp.com\/send\/?phone=34671987979&#038;text=Hallo%2C%20ich%20ben%C3%B6tige%20Informationen%20f%C3%BCr%20eine%20Buchung%20mit%20Minibuses\">\n\t\t\t\t\t\t<span class=\"elementor-button-content-wrapper\">\n\t\t\t\t\t\t<span class=\"elementor-button-icon\">\n\t\t\t\t<i aria-hidden=\"true\" class=\"fab fa-whatsapp\"><\/i>\t\t\t<\/span>\n\t\t\t\t\t\t\t\t\t<span class=\"elementor-button-text\">WhatsApp<\/span>\n\t\t\t\t\t<\/span>\n\t\t\t\t\t<\/a>\n\t\t\t\t<\/div>\n\t\t\t\t\t\t\t\t<\/div>\n\t\t\t\t<\/div>\n\t\t\t\t<div class=\"elementor-element elementor-element-484d552 elementor-widget elementor-widget-formidable\" data-id=\"484d552\" data-element_type=\"widget\" data-e-type=\"widget\" data-widget_type=\"formidable.default\">\n\t\t\t\t<div class=\"elementor-widget-container\">\n\t\t\t\t\t<div class=\"frm_forms  with_frm_style frm_style_estilos-formidable\" id=\"frm_form_1_container\" >\n<form enctype=\"multipart\/form-data\" method=\"post\" class=\"frm-show-form \" id=\"form_contact-form\" >\n<div class=\"frm_form_fields \">\n<fieldset>\n<legend class=\"frm_screen_reader\">Kontaktformular<\/legend>\r\n\r\n<div class=\"frm_fields_container\">\n<input type=\"hidden\" name=\"frm_action\" value=\"create\" \/>\n<input type=\"hidden\" name=\"form_id\" value=\"1\" \/>\n<input type=\"hidden\" name=\"frm_hide_fields_1\" id=\"frm_hide_fields_1\" value=\"\" \/>\n<input type=\"hidden\" name=\"form_key\" value=\"contact-form\" \/>\n<input type=\"hidden\" name=\"item_meta[0]\" value=\"\" \/>\n<input type=\"hidden\" id=\"frm_submit_entry_1\" name=\"frm_submit_entry_1\" value=\"01dbed04e0\" \/><input type=\"hidden\" name=\"_wp_http_referer\" value=\"\/de\/wp-json\/wp\/v2\/pages\/1987\" \/><div id=\"frm_field_1_container\" class=\"frm_form_field form-field  frm_required_field frm_top_container frm_first frm_half\">\r\n    <label for=\"field_qh4icy\" id=\"field_qh4icy_label\" class=\"frm_primary_label\">Vorname\r\n        <span class=\"frm_required\" aria-hidden=\"true\">*<\/span>\r\n    <\/label>\r\n    <input type=\"text\" id=\"field_qh4icy\" name=\"item_meta[1]\" value=\"\"  data-reqmsg=\"Dieses Feld darf nicht leer sein.\" aria-required=\"true\" data-invmsg=\"Name no es v\u00e1lido\" aria-invalid=\"false\"   aria-describedby=\"frm_desc_field_qh4icy\"\/>\r\n    <div class=\"frm_description\" id=\"frm_desc_field_qh4icy\">Vorname<\/div>\r\n    \r\n<\/div>\n<div id=\"frm_field_2_container\" class=\"frm_form_field form-field  frm_required_field frm_hidden_container frm_half\">\r\n    <label for=\"field_ocfup1\" id=\"field_ocfup1_label\" class=\"frm_primary_label\">Nachname\r\n        <span class=\"frm_required\" aria-hidden=\"true\">*<\/span>\r\n    <\/label>\r\n    <input type=\"text\" id=\"field_ocfup1\" name=\"item_meta[2]\" value=\"\"  data-reqmsg=\"Dieses Feld darf nicht leer sein.\" aria-required=\"true\" data-invmsg=\"Last no es v\u00e1lido\" aria-invalid=\"false\"   aria-describedby=\"frm_desc_field_ocfup1\"\/>\r\n    <div class=\"frm_description\" id=\"frm_desc_field_ocfup1\">Nachname<\/div>\r\n    \r\n<\/div>\n<div id=\"frm_field_3_container\" class=\"frm_form_field form-field  frm_required_field frm_top_container frm6 frm_first\">\r\n    <label for=\"field_29yf4d\" id=\"field_29yf4d_label\" class=\"frm_primary_label\">E-Mail\r\n        <span class=\"frm_required\" aria-hidden=\"true\">*<\/span>\r\n    <\/label>\r\n    <input type=\"email\" id=\"field_29yf4d\" name=\"item_meta[3]\" value=\"\"  data-reqmsg=\"Dieses Feld darf nicht leer sein.\" aria-required=\"true\" data-invmsg=\"Bitte geben Sie eine g\u00fcltige E-Mail-Adresse ein.\" aria-invalid=\"false\"  \/>\r\n    \r\n    \r\n<\/div>\n<div id=\"frm_field_8_container\" class=\"frm_form_field form-field  frm_top_container frm6\">\r\n    <label for=\"field_gx799\" id=\"field_gx799_label\" class=\"frm_primary_label\">Telefon\r\n        <span class=\"frm_required\" aria-hidden=\"true\"><\/span>\r\n    <\/label>\r\n    <input type=\"tel\" id=\"field_gx799\" name=\"item_meta[8]\" value=\"\"  data-invmsg=\"Bitte geben Sie eine g\u00fcltige Telefonnummer ein.\" aria-invalid=\"false\" pattern=\"((\\+\\d{1,3}(-|.| )?\\(?\\d\\)?(-| |.)?\\d{1,5})|(\\(?\\d{2,6}\\)?))(-|.| )?(\\d{3,4})(-|.| )?(\\d{4})(( x| ext)\\d{1,5}){0,1}$\"  \/>\r\n    \r\n    \r\n<\/div>\n<div id=\"frm_field_13_container\" class=\"frm_form_field form-field  frm_required_field frm_top_container\">\r\n    <label for=\"field_8954a\" id=\"field_8954a_label\" class=\"frm_primary_label\">Service ausw\u00e4hlen\r\n        <span class=\"frm_required\" aria-hidden=\"true\">*<\/span>\r\n    <\/label>\r\n    \t\t<select name=\"item_meta[13]\" id=\"field_8954a\"  data-frmval=\"Nueva opci\u00f3n\" data-reqmsg=\"Bitte w\u00e4hlen Sie eine Option aus.\" aria-required=\"true\" data-invmsg=\"Service ausw\u00e4hlen no es v\u00e1lido\" aria-invalid=\"false\"  >\n\t\t<option  value=\"Bitte ausw\u00e4hlen\">Bitte ausw\u00e4hlen<\/option><option  value=\"Flughafentransfer\">Flughafentransfer<\/option><option  value=\"Privat- oder Gruppentransfer\">Privat- oder Gruppentransfer<\/option><option  value=\"Ausfl\u00fcge und VIP-Service\">Ausfl\u00fcge und VIP-Service<\/option>\t<\/select>\n\t\r\n    \r\n    \r\n<\/div>\n<div id=\"frm_field_5_container\" class=\"frm_form_field form-field  frm_top_container frm_full\">\r\n    <label for=\"field_9jv0r1\" id=\"field_9jv0r1_label\" class=\"frm_primary_label\">Nachricht \/ Hinweise\r\n        <span class=\"frm_required\" aria-hidden=\"true\"><\/span>\r\n    <\/label>\r\n    <textarea name=\"item_meta[5]\" id=\"field_9jv0r1\" rows=\"5\"  data-invmsg=\"Nachricht \/ Hinweise no es v\u00e1lido\" aria-invalid=\"false\"  ><\/textarea>\r\n    \r\n    \r\n<\/div>\n<div id=\"frm_field_11_container\" class=\"frm_form_field form-field  frm_none_container\">\r\n    <label for=\"g-recaptcha-response\" id=\"field_zci7c_label\" class=\"frm_primary_label\">\r\n        <span class=\"frm_required\" aria-hidden=\"true\"><\/span>\r\n    <\/label>\r\n    <div  id=\"field_zci7c\" class=\"frm-g-recaptcha\" data-sitekey=\"6LeHzUApAAAAAFpc_UTyFAyp2NyNwz0Ebewp0evR\" data-size=\"compact\" data-theme=\"light\"><\/div>\r\n    \r\n    \r\n<\/div>\n<div id=\"frm_field_9_container\" class=\"frm_form_field form-field  frm_required_field frm_top_container vertical_radio\">\r\n    <div  id=\"field_840ac_label\" class=\"frm_primary_label\">EINWILLIGUNGEN (BITTE DIE ZUTREFFENDE OPTION ANKREUZEN):\r\n        <span class=\"frm_required\" aria-hidden=\"true\">*<\/span>\r\n    <\/div>\r\n    <div class=\"frm_opt_container\" aria-labelledby=\"field_840ac_label\" role=\"group\">\t\t<div class=\"frm_checkbox\" id=\"frm_checkbox_9-1\">\t\t\t<label  for=\"field_840ac-1\">\n\t\t\t<input type=\"checkbox\" name=\"item_meta[9][]\" id=\"field_840ac-1\" value=\"Ich stimme der Verwendung meiner Daten zu den in der Datenschutzerkl\u00e4rung genannten Zwecken zu.\"  data-reqmsg=\"Bitte best\u00e4tigen Sie dieses Feld, um fortzufahren.\" data-invmsg=\"EINWILLIGUNGEN (BITTE DIE ZUTREFFENDE OPTION ANKREUZEN): ist ung\u00fcltig.\"   aria-required=\"true\"  \/> Ich stimme der Verwendung meiner Daten zu den in der Datenschutzerkl\u00e4rung genannten Zwecken zu.<\/label><\/div>\n<\/div>\r\n    \r\n    \r\n<\/div>\n<div id=\"frm_field_10_container\" class=\"frm_form_field form-field  frm_top_container vertical_radio\">\r\n    <div  id=\"field_ism8c_label\" class=\"frm_primary_label\">Werbung\r\n        <span class=\"frm_required\" aria-hidden=\"true\"><\/span>\r\n    <\/div>\r\n    <div class=\"frm_opt_container\" aria-labelledby=\"field_ism8c_label\" role=\"group\">\t\t<div class=\"frm_checkbox\" id=\"frm_checkbox_10-0\">\t\t\t<label  for=\"field_ism8c-0\">\n\t\t\t<input type=\"checkbox\" name=\"item_meta[10][]\" id=\"field_ism8c-0\" value=\"Ich stimme der Verwendung meiner personenbezogenen Daten zum Erhalt von Informationen und Werbung zu.\"  data-invmsg=\"Werbung ist ung\u00fcltig.\"   \/> Ich stimme der Verwendung meiner personenbezogenen Daten zum Erhalt von Informationen und Werbung zu.<\/label><\/div>\n<\/div>\r\n    \r\n    \r\n<\/div>\n<div id=\"frm_field_15_container\" class=\"frm_form_field form-field \">\r\n\t<div class=\"frm_submit\">\r\n\r\n<button class=\"frm_button_submit\" type=\"submit\"  >Anfrage senden<\/button>\r\n\r\n\r\n<\/div>\r\n<\/div>\n\t<input type=\"hidden\" name=\"item_key\" value=\"\" \/>\n\t\t\t<div id=\"frm_field_16_container\">\n\t\t\t<label for=\"field_tb6jo\" >\n\t\t\t\tSi eres humano, deja este campo en blanco.\t\t\t<\/label>\n\t\t\t<input  id=\"field_tb6jo\" type=\"text\" class=\"frm_form_field form-field frm_verify\" name=\"item_meta[16]\" value=\"\"  \/>\n\t\t<\/div>\n\t\t<input name=\"frm_state\" type=\"hidden\" value=\"Y1NsDN1q5zVhpEn4P2MPSbRlIS48CLEnTcX1bqzqG7M=\" \/><\/div>\n<\/fieldset>\n<\/div>\n\n<\/form>\n<\/div>\n\t\t\t\t<\/div>\n\t\t\t\t<\/div>\n\t\t\t\t\t<\/div>\n\t\t<\/div>\n\t\t\t\t\t<\/div>\n\t\t<\/section>\n\t\t\t\t<\/div>\n\t\t","protected":false},"excerpt":{"rendered":"<p>Transfer auf Mallorca online buchen Unser Minibus ist ideal f\u00fcr kleine Gruppen und Familien, die gemeinsam, bequem und stressfrei auf Mallorca reisen m\u00f6chten. Buchen Sie Ihren Transfer \u00fcber das Formular oder kontaktieren Sie uns direkt per WhatsApp WhatsApp Kontaktformular Vorname * Vorname Nachname * Nachname E-Mail * Telefon Service ausw\u00e4hlen * Bitte ausw\u00e4hlenFlughafentransferPrivat- oder GruppentransferAusfl\u00fcge [&hellip;]<\/p>\n","protected":false},"author":2,"featured_media":0,"parent":0,"menu_order":0,"comment_status":"closed","ping_status":"closed","template":"","meta":{"site-sidebar-layout":"no-sidebar","site-content-layout":"","ast-site-content-layout":"full-width-container","site-content-style":"default","site-sidebar-style":"default","ast-global-header-display":"","ast-banner-title-visibility":"","ast-main-header-display":"","ast-hfb-above-header-display":"","ast-hfb-below-header-display":"","ast-hfb-mobile-header-display":"","site-post-title":"disabled","ast-breadcrumbs-content":"","ast-featured-img":"disabled","footer-sml-layout":"","ast-disable-related-posts":"","theme-transparent-header-meta":"","adv-header-id-meta":"","stick-header-meta":"","header-above-stick-meta":"","header-main-stick-meta":"","header-below-stick-meta":"","astra-migrate-meta-layouts":"","ast-page-background-enabled":"default","ast-page-background-meta":{"desktop":{"background-color":"var(--ast-global-color-4)","background-image":"","background-repeat":"repeat","background-position":"center center","background-size":"auto","background-attachment":"scroll","background-type":"","background-media":"","overlay-type":"","overlay-color":"","overlay-opacity":"","overlay-gradient":""},"tablet":{"background-color":"","background-image":"","background-repeat":"repeat","background-position":"center center","background-size":"auto","background-attachment":"scroll","background-type":"","background-media":"","overlay-type":"","overlay-color":"","overlay-opacity":"","overlay-gradient":""},"mobile":{"background-color":"","background-image":"","background-repeat":"repeat","background-position":"center center","background-size":"auto","background-attachment":"scroll","background-type":"","background-media":"","overlay-type":"","overlay-color":"","overlay-opacity":"","overlay-gradient":""}},"ast-content-background-meta":{"desktop":{"background-color":"var(--ast-global-color-5)","background-image":"","background-repeat":"repeat","background-position":"center center","background-size":"auto","background-attachment":"scroll","background-type":"","background-media":"","overlay-type":"","overlay-color":"","overlay-opacity":"","overlay-gradient":""},"tablet":{"background-color":"var(--ast-global-color-5)","background-image":"","background-repeat":"repeat","background-position":"center center","background-size":"auto","background-attachment":"scroll","background-type":"","background-media":"","overlay-type":"","overlay-color":"","overlay-opacity":"","overlay-gradient":""},"mobile":{"background-color":"var(--ast-global-color-5)","background-image":"","background-repeat":"repeat","background-position":"center center","background-size":"auto","background-attachment":"scroll","background-type":"","background-media":"","overlay-type":"","overlay-color":"","overlay-opacity":"","overlay-gradient":""}},"_joinchat":[],"footnotes":""},"class_list":["post-1987","page","type-page","status-publish","hentry"],"yoast_head":"<!-- This site is optimized with the Yoast SEO plugin v27.3 - https:\/\/yoast.com\/product\/yoast-seo-wordpress\/ -->\n<title>Transfer auf Mallorca buchen | Flughafentransfer und private Fahrten<\/title>\n<meta name=\"description\" content=\"Buchen Sie Ihren Transfer auf Mallorca schnell und unkompliziert. Privater Flughafentransfer, Gruppentransfers und Minibus-Service mit direktem Kontakt per WhatsApp.\" \/>\n<meta name=\"robots\" content=\"index, follow, max-snippet:-1, max-image-preview:large, max-video-preview:-1\" \/>\n<link rel=\"canonical\" href=\"https:\/\/cabriominibuses.com\/de\/online-buchung\/\" \/>\n<meta property=\"og:locale\" content=\"es_ES\" \/>\n<meta property=\"og:type\" content=\"article\" \/>\n<meta property=\"og:title\" content=\"Transfer auf Mallorca buchen | Flughafentransfer und private Fahrten\" \/>\n<meta property=\"og:description\" content=\"Buchen Sie Ihren Transfer auf Mallorca schnell und unkompliziert. Privater Flughafentransfer, Gruppentransfers und Minibus-Service mit direktem Kontakt per WhatsApp.\" \/>\n<meta property=\"og:url\" content=\"https:\/\/cabriominibuses.com\/de\/online-buchung\/\" \/>\n<meta property=\"og:site_name\" content=\"Cabrio Minibuses Mallorca\" \/>\n<meta property=\"article:modified_time\" content=\"2026-04-06T14:40:11+00:00\" \/>\n<meta name=\"twitter:card\" content=\"summary_large_image\" \/>\n<meta name=\"twitter:label1\" content=\"Tiempo de lectura\" \/>\n\t<meta name=\"twitter:data1\" content=\"1 minuto\" \/>\n<script type=\"application\/ld+json\" class=\"yoast-schema-graph\">{\"@context\":\"https:\\\/\\\/schema.org\",\"@graph\":[{\"@type\":\"WebPage\",\"@id\":\"https:\\\/\\\/cabriominibuses.com\\\/de\\\/online-buchung\\\/\",\"url\":\"https:\\\/\\\/cabriominibuses.com\\\/de\\\/online-buchung\\\/\",\"name\":\"Transfer auf Mallorca buchen | Flughafentransfer und private Fahrten\",\"isPartOf\":{\"@id\":\"https:\\\/\\\/cabriominibuses.com\\\/de\\\/#website\"},\"datePublished\":\"2023-12-30T13:00:12+00:00\",\"dateModified\":\"2026-04-06T14:40:11+00:00\",\"description\":\"Buchen Sie Ihren Transfer auf Mallorca schnell und unkompliziert. Privater Flughafentransfer, Gruppentransfers und Minibus-Service mit direktem Kontakt per WhatsApp.\",\"breadcrumb\":{\"@id\":\"https:\\\/\\\/cabriominibuses.com\\\/de\\\/online-buchung\\\/#breadcrumb\"},\"inLanguage\":\"es\",\"potentialAction\":[{\"@type\":\"ReadAction\",\"target\":[\"https:\\\/\\\/cabriominibuses.com\\\/de\\\/online-buchung\\\/\"]}]},{\"@type\":\"BreadcrumbList\",\"@id\":\"https:\\\/\\\/cabriominibuses.com\\\/de\\\/online-buchung\\\/#breadcrumb\",\"itemListElement\":[{\"@type\":\"ListItem\",\"position\":1,\"name\":\"Portada\",\"item\":\"https:\\\/\\\/cabriominibuses.com\\\/de\\\/\"},{\"@type\":\"ListItem\",\"position\":2,\"name\":\"Online-Buchung\"}]},{\"@type\":\"WebSite\",\"@id\":\"https:\\\/\\\/cabriominibuses.com\\\/de\\\/#website\",\"url\":\"https:\\\/\\\/cabriominibuses.com\\\/de\\\/\",\"name\":\"Cabrio Minibuses Mallorca\",\"description\":\"Privater Flughafentransfer auf Mallorca\",\"publisher\":{\"@id\":\"https:\\\/\\\/cabriominibuses.com\\\/de\\\/#organization\"},\"potentialAction\":[{\"@type\":\"SearchAction\",\"target\":{\"@type\":\"EntryPoint\",\"urlTemplate\":\"https:\\\/\\\/cabriominibuses.com\\\/de\\\/?s={search_term_string}\"},\"query-input\":{\"@type\":\"PropertyValueSpecification\",\"valueRequired\":true,\"valueName\":\"search_term_string\"}}],\"inLanguage\":\"es\"},{\"@type\":\"Organization\",\"@id\":\"https:\\\/\\\/cabriominibuses.com\\\/de\\\/#organization\",\"name\":\"Cl\u00ednica Dental Son Sardina\",\"alternateName\":\"Cl\u00ednica Dental en Palma\",\"url\":\"https:\\\/\\\/cabriominibuses.com\\\/de\\\/\",\"logo\":{\"@type\":\"ImageObject\",\"inLanguage\":\"es\",\"@id\":\"https:\\\/\\\/cabriominibuses.com\\\/de\\\/#\\\/schema\\\/logo\\\/image\\\/\",\"url\":\"https:\\\/\\\/cabriominibuses.com\\\/de\\\/wp-content\\\/uploads\\\/2024\\\/01\\\/Logotipo-Definitivo.png\",\"contentUrl\":\"https:\\\/\\\/cabriominibuses.com\\\/de\\\/wp-content\\\/uploads\\\/2024\\\/01\\\/Logotipo-Definitivo.png\",\"width\":160,\"height\":89,\"caption\":\"Cl\u00ednica Dental Son Sardina\"},\"image\":{\"@id\":\"https:\\\/\\\/cabriominibuses.com\\\/de\\\/#\\\/schema\\\/logo\\\/image\\\/\"}}]}<\/script>\n<!-- \/ Yoast SEO plugin. -->","yoast_head_json":{"title":"Transfer auf Mallorca buchen | Flughafentransfer und private Fahrten","description":"Buchen Sie Ihren Transfer auf Mallorca schnell und unkompliziert. Privater Flughafentransfer, Gruppentransfers und Minibus-Service mit direktem Kontakt per WhatsApp.","robots":{"index":"index","follow":"follow","max-snippet":"max-snippet:-1","max-image-preview":"max-image-preview:large","max-video-preview":"max-video-preview:-1"},"canonical":"https:\/\/cabriominibuses.com\/de\/online-buchung\/","og_locale":"es_ES","og_type":"article","og_title":"Transfer auf Mallorca buchen | Flughafentransfer und private Fahrten","og_description":"Buchen Sie Ihren Transfer auf Mallorca schnell und unkompliziert. Privater Flughafentransfer, Gruppentransfers und Minibus-Service mit direktem Kontakt per WhatsApp.","og_url":"https:\/\/cabriominibuses.com\/de\/online-buchung\/","og_site_name":"Cabrio Minibuses Mallorca","article_modified_time":"2026-04-06T14:40:11+00:00","twitter_card":"summary_large_image","twitter_misc":{"Tiempo de lectura":"1 minuto"},"schema":{"@context":"https:\/\/schema.org","@graph":[{"@type":"WebPage","@id":"https:\/\/cabriominibuses.com\/de\/online-buchung\/","url":"https:\/\/cabriominibuses.com\/de\/online-buchung\/","name":"Transfer auf Mallorca buchen | Flughafentransfer und private Fahrten","isPartOf":{"@id":"https:\/\/cabriominibuses.com\/de\/#website"},"datePublished":"2023-12-30T13:00:12+00:00","dateModified":"2026-04-06T14:40:11+00:00","description":"Buchen Sie Ihren Transfer auf Mallorca schnell und unkompliziert. Privater Flughafentransfer, Gruppentransfers und Minibus-Service mit direktem Kontakt per WhatsApp.","breadcrumb":{"@id":"https:\/\/cabriominibuses.com\/de\/online-buchung\/#breadcrumb"},"inLanguage":"es","potentialAction":[{"@type":"ReadAction","target":["https:\/\/cabriominibuses.com\/de\/online-buchung\/"]}]},{"@type":"BreadcrumbList","@id":"https:\/\/cabriominibuses.com\/de\/online-buchung\/#breadcrumb","itemListElement":[{"@type":"ListItem","position":1,"name":"Portada","item":"https:\/\/cabriominibuses.com\/de\/"},{"@type":"ListItem","position":2,"name":"Online-Buchung"}]},{"@type":"WebSite","@id":"https:\/\/cabriominibuses.com\/de\/#website","url":"https:\/\/cabriominibuses.com\/de\/","name":"Cabrio Minibuses Mallorca","description":"Privater Flughafentransfer auf Mallorca","publisher":{"@id":"https:\/\/cabriominibuses.com\/de\/#organization"},"potentialAction":[{"@type":"SearchAction","target":{"@type":"EntryPoint","urlTemplate":"https:\/\/cabriominibuses.com\/de\/?s={search_term_string}"},"query-input":{"@type":"PropertyValueSpecification","valueRequired":true,"valueName":"search_term_string"}}],"inLanguage":"es"},{"@type":"Organization","@id":"https:\/\/cabriominibuses.com\/de\/#organization","name":"Cl\u00ednica Dental Son Sardina","alternateName":"Cl\u00ednica Dental en Palma","url":"https:\/\/cabriominibuses.com\/de\/","logo":{"@type":"ImageObject","inLanguage":"es","@id":"https:\/\/cabriominibuses.com\/de\/#\/schema\/logo\/image\/","url":"https:\/\/cabriominibuses.com\/de\/wp-content\/uploads\/2024\/01\/Logotipo-Definitivo.png","contentUrl":"https:\/\/cabriominibuses.com\/de\/wp-content\/uploads\/2024\/01\/Logotipo-Definitivo.png","width":160,"height":89,"caption":"Cl\u00ednica Dental Son Sardina"},"image":{"@id":"https:\/\/cabriominibuses.com\/de\/#\/schema\/logo\/image\/"}}]}},"_links":{"self":[{"href":"https:\/\/cabriominibuses.com\/de\/wp-json\/wp\/v2\/pages\/1987","targetHints":{"allow":["GET"]}}],"collection":[{"href":"https:\/\/cabriominibuses.com\/de\/wp-json\/wp\/v2\/pages"}],"about":[{"href":"https:\/\/cabriominibuses.com\/de\/wp-json\/wp\/v2\/types\/page"}],"author":[{"embeddable":true,"href":"https:\/\/cabriominibuses.com\/de\/wp-json\/wp\/v2\/users\/2"}],"replies":[{"embeddable":true,"href":"https:\/\/cabriominibuses.com\/de\/wp-json\/wp\/v2\/comments?post=1987"}],"version-history":[{"count":48,"href":"https:\/\/cabriominibuses.com\/de\/wp-json\/wp\/v2\/pages\/1987\/revisions"}],"predecessor-version":[{"id":2337,"href":"https:\/\/cabriominibuses.com\/de\/wp-json\/wp\/v2\/pages\/1987\/revisions\/2337"}],"wp:attachment":[{"href":"https:\/\/cabriominibuses.com\/de\/wp-json\/wp\/v2\/media?parent=1987"}],"curies":[{"name":"wp","href":"https:\/\/api.w.org\/{rel}","templated":true}]}}